{"id":11,"date":"2022-04-20T21:40:00","date_gmt":"2022-04-20T19:40:00","guid":{"rendered":"https:\/\/scunilever.ch\/fussball\/?page_id=11"},"modified":"2022-09-28T17:37:10","modified_gmt":"2022-09-28T15:37:10","slug":"ueber-uns","status":"publish","type":"page","link":"https:\/\/scunilever.ch\/fussball\/ueber-uns\/","title":{"rendered":"\u00dcber uns"},"content":{"rendered":"\n<div style=\"height:1rem\" aria-hidden=\"true\" class=\"wp-block-spacer\"><\/div>\n\n\n\n<p>Das Sportangebot der Sektion Fussball des Sportclub Unilever richtet sich prim\u00e4r an ehemalige und gegenw\u00e4rtige Mitarbeitende von Unilever an den Standorten Thayngen und Schaffhausen; grunds\u00e4tzlich steht dieses Angebot aber auch Externen zur Verf\u00fcgung.<\/p>\n\n\n\n<p>Mit rund 30 aktiven <a href=\"https:\/\/scunilever.ch\/fussball\/ueber-uns\/mitgliedschaft\/\">Mitgliedern<\/a> ist die Sektion Fussball die mitgliederst\u00e4rkste Sektion des Sportclub Unilever.<\/p>\n","protected":false},"excerpt":{"rendered":"<p>Das Sportangebot der Sektion Fussball des Sportclub Unilever richtet sich prim\u00e4r an ehemalige und gegenw\u00e4rtige Mitarbeitende von Unilever an den Standorten Thayngen und Schaffhausen; grunds\u00e4tzlich steht dieses Angebot aber auch Externen zur Verf\u00fcgung. Mit rund 30 aktiven Mitgliedern ist die Sektion Fussball die mitgliederst\u00e4rkste Sektion des Sportclub Unilever.<\/p>\n","protected":false},"author":1,"featured_media":382,"parent":0,"menu_order":3,"comment_status":"closed","ping_status":"closed","template":"templates\/template-cover.php","meta":{"footnotes":""},"class_list":["post-11","page","type-page","status-publish","has-post-thumbnail","hentry"],"yoast_head":"<!-- This site is optimized with the Yoast SEO plugin v27.2 - https:\/\/yoast.com\/product\/yoast-seo-wordpress\/ -->\n<title>\u00dcber uns &#8211; Sektion Fussball des Sportclub Unilever<\/title>\n<meta name=\"robots\" content=\"index, follow, max-snippet:-1, max-image-preview:large, max-video-preview:-1\" \/>\n<link rel=\"canonical\" href=\"https:\/\/scunilever.ch\/fussball\/ueber-uns\/\" \/>\n<meta property=\"og:locale\" content=\"de_DE\" \/>\n<meta property=\"og:type\" content=\"article\" \/>\n<meta property=\"og:title\" content=\"\u00dcber uns &#8211; Sektion Fussball des Sportclub Unilever\" \/>\n<meta property=\"og:description\" content=\"Das Sportangebot der Sektion Fussball des Sportclub Unilever richtet sich prim\u00e4r an ehemalige und gegenw\u00e4rtige Mitarbeitende von Unilever an den Standorten Thayngen und Schaffhausen; grunds\u00e4tzlich steht dieses Angebot aber auch Externen zur Verf\u00fcgung. Mit rund 30 aktiven Mitgliedern ist die Sektion Fussball die mitgliederst\u00e4rkste Sektion des Sportclub Unilever.\" \/>\n<meta property=\"og:url\" content=\"https:\/\/scunilever.ch\/fussball\/ueber-uns\/\" \/>\n<meta property=\"og:site_name\" content=\"Sektion Fussball des Sportclub Unilever\" \/>\n<meta property=\"article:modified_time\" content=\"2022-09-28T15:37:10+00:00\" \/>\n<meta property=\"og:image\" content=\"https:\/\/scunilever.ch\/fussball\/wp-content\/uploads\/sites\/2\/Featured-Sommerturnier.jpg\" \/>\n\t<meta property=\"og:image:width\" content=\"1980\" \/>\n\t<meta property=\"og:image:height\" content=\"1485\" \/>\n\t<meta property=\"og:image:type\" content=\"image\/jpeg\" \/>\n<meta name=\"twitter:card\" content=\"summary_large_image\" \/>\n<meta name=\"twitter:site\" content=\"@scunilever\" \/>\n<meta name=\"twitter:label1\" content=\"Gesch\u00e4tzte Lesezeit\" \/>\n\t<meta name=\"twitter:data1\" content=\"1\u00a0Minute\" \/>\n<script type=\"application\/ld+json\" class=\"yoast-schema-graph\">{\"@context\":\"https:\/\/schema.org\",\"@graph\":[{\"@type\":\"WebPage\",\"@id\":\"https:\/\/scunilever.ch\/fussball\/ueber-uns\/\",\"url\":\"https:\/\/scunilever.ch\/fussball\/ueber-uns\/\",\"name\":\"\u00dcber uns &#8211; Sektion Fussball des Sportclub Unilever\",\"isPartOf\":{\"@id\":\"https:\/\/scunilever.ch\/fussball\/#website\"},\"primaryImageOfPage\":{\"@id\":\"https:\/\/scunilever.ch\/fussball\/ueber-uns\/#primaryimage\"},\"image\":{\"@id\":\"https:\/\/scunilever.ch\/fussball\/ueber-uns\/#primaryimage\"},\"thumbnailUrl\":\"https:\/\/scunilever.ch\/fussball\/wp-content\/uploads\/sites\/2\/Featured-Sommerturnier.jpg\",\"datePublished\":\"2022-04-20T19:40:00+00:00\",\"dateModified\":\"2022-09-28T15:37:10+00:00\",\"breadcrumb\":{\"@id\":\"https:\/\/scunilever.ch\/fussball\/ueber-uns\/#breadcrumb\"},\"inLanguage\":\"de-CH\",\"potentialAction\":[{\"@type\":\"ReadAction\",\"target\":[\"https:\/\/scunilever.ch\/fussball\/ueber-uns\/\"]}]},{\"@type\":\"ImageObject\",\"inLanguage\":\"de-CH\",\"@id\":\"https:\/\/scunilever.ch\/fussball\/ueber-uns\/#primaryimage\",\"url\":\"https:\/\/scunilever.ch\/fussball\/wp-content\/uploads\/sites\/2\/Featured-Sommerturnier.jpg\",\"contentUrl\":\"https:\/\/scunilever.ch\/fussball\/wp-content\/uploads\/sites\/2\/Featured-Sommerturnier.jpg\",\"width\":1980,\"height\":1485,\"caption\":\"Featured Sommerturnier\"},{\"@type\":\"BreadcrumbList\",\"@id\":\"https:\/\/scunilever.ch\/fussball\/ueber-uns\/#breadcrumb\",\"itemListElement\":[{\"@type\":\"ListItem\",\"position\":1,\"name\":\"Startseite\",\"item\":\"https:\/\/scunilever.ch\/fussball\/\"},{\"@type\":\"ListItem\",\"position\":2,\"name\":\"\u00dcber uns\"}]},{\"@type\":\"WebSite\",\"@id\":\"https:\/\/scunilever.ch\/fussball\/#website\",\"url\":\"https:\/\/scunilever.ch\/fussball\/\",\"name\":\"Sektion Fussball des Sportclub Unilever\",\"description\":\"Sektion Fussball\",\"publisher\":{\"@id\":\"https:\/\/scunilever.ch\/fussball\/#organization\"},\"potentialAction\":[{\"@type\":\"SearchAction\",\"target\":{\"@type\":\"EntryPoint\",\"urlTemplate\":\"https:\/\/scunilever.ch\/fussball\/?s={search_term_string}\"},\"query-input\":{\"@type\":\"PropertyValueSpecification\",\"valueRequired\":true,\"valueName\":\"search_term_string\"}}],\"inLanguage\":\"de-CH\"},{\"@type\":\"Organization\",\"@id\":\"https:\/\/scunilever.ch\/fussball\/#organization\",\"name\":\"Sektion Fussball des Sportclub Unilever\",\"url\":\"https:\/\/scunilever.ch\/fussball\/\",\"logo\":{\"@type\":\"ImageObject\",\"inLanguage\":\"de-CH\",\"@id\":\"https:\/\/scunilever.ch\/fussball\/#\/schema\/logo\/image\/\",\"url\":\"https:\/\/scunilever.ch\/fussball\/wp-content\/uploads\/sites\/2\/Logo-Sportclub-Unilever.png\",\"contentUrl\":\"https:\/\/scunilever.ch\/fussball\/wp-content\/uploads\/sites\/2\/Logo-Sportclub-Unilever.png\",\"width\":512,\"height\":512,\"caption\":\"Sektion Fussball des Sportclub Unilever\"},\"image\":{\"@id\":\"https:\/\/scunilever.ch\/fussball\/#\/schema\/logo\/image\/\"},\"sameAs\":[\"https:\/\/x.com\/scunilever\"]}]}<\/script>\n<!-- \/ Yoast SEO plugin. -->","yoast_head_json":{"title":"\u00dcber uns &#8211; Sektion Fussball des Sportclub Unilever","robots":{"index":"index","follow":"follow","max-snippet":"max-snippet:-1","max-image-preview":"max-image-preview:large","max-video-preview":"max-video-preview:-1"},"canonical":"https:\/\/scunilever.ch\/fussball\/ueber-uns\/","og_locale":"de_DE","og_type":"article","og_title":"\u00dcber uns &#8211; Sektion Fussball des Sportclub Unilever","og_description":"Das Sportangebot der Sektion Fussball des Sportclub Unilever richtet sich prim\u00e4r an ehemalige und gegenw\u00e4rtige Mitarbeitende von Unilever an den Standorten Thayngen und Schaffhausen; grunds\u00e4tzlich steht dieses Angebot aber auch Externen zur Verf\u00fcgung. Mit rund 30 aktiven Mitgliedern ist die Sektion Fussball die mitgliederst\u00e4rkste Sektion des Sportclub Unilever.","og_url":"https:\/\/scunilever.ch\/fussball\/ueber-uns\/","og_site_name":"Sektion Fussball des Sportclub Unilever","article_modified_time":"2022-09-28T15:37:10+00:00","og_image":[{"width":1980,"height":1485,"url":"https:\/\/scunilever.ch\/fussball\/wp-content\/uploads\/sites\/2\/Featured-Sommerturnier.jpg","type":"image\/jpeg"}],"twitter_card":"summary_large_image","twitter_site":"@scunilever","twitter_misc":{"Gesch\u00e4tzte Lesezeit":"1\u00a0Minute"},"schema":{"@context":"https:\/\/schema.org","@graph":[{"@type":"WebPage","@id":"https:\/\/scunilever.ch\/fussball\/ueber-uns\/","url":"https:\/\/scunilever.ch\/fussball\/ueber-uns\/","name":"\u00dcber uns &#8211; Sektion Fussball des Sportclub Unilever","isPartOf":{"@id":"https:\/\/scunilever.ch\/fussball\/#website"},"primaryImageOfPage":{"@id":"https:\/\/scunilever.ch\/fussball\/ueber-uns\/#primaryimage"},"image":{"@id":"https:\/\/scunilever.ch\/fussball\/ueber-uns\/#primaryimage"},"thumbnailUrl":"https:\/\/scunilever.ch\/fussball\/wp-content\/uploads\/sites\/2\/Featured-Sommerturnier.jpg","datePublished":"2022-04-20T19:40:00+00:00","dateModified":"2022-09-28T15:37:10+00:00","breadcrumb":{"@id":"https:\/\/scunilever.ch\/fussball\/ueber-uns\/#breadcrumb"},"inLanguage":"de-CH","potentialAction":[{"@type":"ReadAction","target":["https:\/\/scunilever.ch\/fussball\/ueber-uns\/"]}]},{"@type":"ImageObject","inLanguage":"de-CH","@id":"https:\/\/scunilever.ch\/fussball\/ueber-uns\/#primaryimage","url":"https:\/\/scunilever.ch\/fussball\/wp-content\/uploads\/sites\/2\/Featured-Sommerturnier.jpg","contentUrl":"https:\/\/scunilever.ch\/fussball\/wp-content\/uploads\/sites\/2\/Featured-Sommerturnier.jpg","width":1980,"height":1485,"caption":"Featured Sommerturnier"},{"@type":"BreadcrumbList","@id":"https:\/\/scunilever.ch\/fussball\/ueber-uns\/#breadcrumb","itemListElement":[{"@type":"ListItem","position":1,"name":"Startseite","item":"https:\/\/scunilever.ch\/fussball\/"},{"@type":"ListItem","position":2,"name":"\u00dcber uns"}]},{"@type":"WebSite","@id":"https:\/\/scunilever.ch\/fussball\/#website","url":"https:\/\/scunilever.ch\/fussball\/","name":"Sektion Fussball des Sportclub Unilever","description":"Sektion Fussball","publisher":{"@id":"https:\/\/scunilever.ch\/fussball\/#organization"},"potentialAction":[{"@type":"SearchAction","target":{"@type":"EntryPoint","urlTemplate":"https:\/\/scunilever.ch\/fussball\/?s={search_term_string}"},"query-input":{"@type":"PropertyValueSpecification","valueRequired":true,"valueName":"search_term_string"}}],"inLanguage":"de-CH"},{"@type":"Organization","@id":"https:\/\/scunilever.ch\/fussball\/#organization","name":"Sektion Fussball des Sportclub Unilever","url":"https:\/\/scunilever.ch\/fussball\/","logo":{"@type":"ImageObject","inLanguage":"de-CH","@id":"https:\/\/scunilever.ch\/fussball\/#\/schema\/logo\/image\/","url":"https:\/\/scunilever.ch\/fussball\/wp-content\/uploads\/sites\/2\/Logo-Sportclub-Unilever.png","contentUrl":"https:\/\/scunilever.ch\/fussball\/wp-content\/uploads\/sites\/2\/Logo-Sportclub-Unilever.png","width":512,"height":512,"caption":"Sektion Fussball des Sportclub Unilever"},"image":{"@id":"https:\/\/scunilever.ch\/fussball\/#\/schema\/logo\/image\/"},"sameAs":["https:\/\/x.com\/scunilever"]}]}},"jetpack_sharing_enabled":true,"_links":{"self":[{"href":"https:\/\/scunilever.ch\/fussball\/wp-json\/wp\/v2\/pages\/11","targetHints":{"allow":["GET"]}}],"collection":[{"href":"https:\/\/scunilever.ch\/fussball\/wp-json\/wp\/v2\/pages"}],"about":[{"href":"https:\/\/scunilever.ch\/fussball\/wp-json\/wp\/v2\/types\/page"}],"author":[{"embeddable":true,"href":"https:\/\/scunilever.ch\/fussball\/wp-json\/wp\/v2\/users\/1"}],"replies":[{"embeddable":true,"href":"https:\/\/scunilever.ch\/fussball\/wp-json\/wp\/v2\/comments?post=11"}],"version-history":[{"count":3,"href":"https:\/\/scunilever.ch\/fussball\/wp-json\/wp\/v2\/pages\/11\/revisions"}],"predecessor-version":[{"id":1284,"href":"https:\/\/scunilever.ch\/fussball\/wp-json\/wp\/v2\/pages\/11\/revisions\/1284"}],"wp:featuredmedia":[{"embeddable":true,"href":"https:\/\/scunilever.ch\/fussball\/wp-json\/wp\/v2\/media\/382"}],"wp:attachment":[{"href":"https:\/\/scunilever.ch\/fussball\/wp-json\/wp\/v2\/media?parent=11"}],"curies":[{"name":"wp","href":"https:\/\/api.w.org\/{rel}","templated":true}]}}