{"id":1474,"date":"2023-11-06T20:00:01","date_gmt":"2023-11-06T19:00:01","guid":{"rendered":"https:\/\/scunilever.ch\/fussball\/?post_type=product&#038;p=1474"},"modified":"2024-03-03T20:56:31","modified_gmt":"2024-03-03T19:56:31","slug":"wartelistenplatz-winterturnier-2024","status":"publish","type":"product","link":"https:\/\/scunilever.ch\/fussball\/produkt\/wartelistenplatz-winterturnier-2024\/","title":{"rendered":"Wartelistenplatz Winterturnier 2024"},"content":{"rendered":"<p>Mit dem Kauf eines \u00abWartelistenplatz Winterturnier 2024\u00bb tr\u00e4gst du eine Mannschaft mit mindestens f\u00fcnf Spielern ein auf der Warteliste des Winterturniers 2024 des Sportclub Unilever am 16. M\u00e4rz 2024 in der Dreifachhalle Breite in Schaffhausen (<a href=\"https:\/\/goo.gl\/maps\/rn4EWAkzrWWsyDzf9\" target=\"_blank\" rel=\"noreferrer noopener nofollow\">Google-Maps-Link<\/a>).<\/p>\n<p>Mit dem Kauf eines \u00abWartelistenplatz Winterturnier 2024\u00bb akzeptiert der K\u00e4ufer die Bestimmungen des <a href=\"https:\/\/scunilever.ch\/fussball\/wp-content\/uploads\/sites\/2\/Winterturnier-2024-Reglement.pdf\">Reglements des Winterturniers 2024<\/a> (insbesondere zu Spielabsage, Spielabbruch, Mannschaftsr\u00fcckzug und Turnierabsage sowie den Schlussbestimmungen).<\/p>\n","protected":false},"excerpt":{"rendered":"<p>Mit dem Kauf eines \u00abWartelistenplatz Winterturnier 2024\u00bb tr\u00e4gst du eine Mannschaft mit mindestens f\u00fcnf Spielern ein auf der Warteliste des Winterturniers 2024 des Sportclub Unilever.<\/p>\n","protected":false},"featured_media":1475,"template":"","meta":{"jetpack_publicize_message":"","jetpack_publicize_feature_enabled":true,"jetpack_social_post_already_shared":true,"jetpack_social_options":{"image_generator_settings":{"template":"highway","default_image_id":0,"font":"","enabled":false},"version":2}},"product_brand":[],"product_cat":[59],"product_tag":[62,352],"class_list":{"0":"post-1474","1":"product","2":"type-product","3":"status-publish","4":"has-post-thumbnail","6":"product_cat-turniere","7":"product_tag-warteliste","8":"product_tag-winterturnier-2024","10":"first","11":"outofstock","12":"virtual","13":"sold-individually","14":"purchasable","15":"product-type-simple"},"yoast_head":"<!-- This site is optimized with the Yoast SEO plugin v27.2 - https:\/\/yoast.com\/product\/yoast-seo-wordpress\/ -->\n<title>Wartelistenplatz Winterturnier 2024 &#8211; Sektion Fussball des Sportclub Unilever<\/title>\n<meta name=\"description\" content=\"Mit dem Kauf eines \u00abWartelistenplatz Winterturnier 2024\u00bb tr\u00e4gst du eine Mannschaft mit mindestens f\u00fcnf Spielern ein auf der Warteliste des Winterturniers 2024 des Sportclub Unilever.\" \/>\n<meta name=\"robots\" content=\"index, follow, max-snippet:-1, max-image-preview:large, max-video-preview:-1\" \/>\n<link rel=\"canonical\" href=\"https:\/\/scunilever.ch\/fussball\/produkt\/wartelistenplatz-winterturnier-2024\/\" \/>\n<meta property=\"og:locale\" content=\"de_DE\" \/>\n<meta property=\"og:type\" content=\"article\" \/>\n<meta property=\"og:title\" content=\"Wartelistenplatz Winterturnier 2024 &#8211; Sektion Fussball des Sportclub Unilever\" \/>\n<meta property=\"og:description\" content=\"Mit dem Kauf eines \u00abWartelistenplatz Winterturnier 2024\u00bb tr\u00e4gst du eine Mannschaft mit mindestens f\u00fcnf Spielern ein auf der Warteliste des Winterturniers 2024 des Sportclub Unilever.\" \/>\n<meta property=\"og:url\" content=\"https:\/\/scunilever.ch\/fussball\/produkt\/wartelistenplatz-winterturnier-2024\/\" \/>\n<meta property=\"og:site_name\" content=\"Sektion Fussball des Sportclub Unilever\" \/>\n<meta property=\"article:modified_time\" content=\"2024-03-03T19:56:31+00:00\" \/>\n<meta property=\"og:image\" content=\"https:\/\/scunilever.ch\/fussball\/wp-content\/uploads\/sites\/2\/Winterturnier-2024-Wartelistenplatz.webp\" \/>\n\t<meta property=\"og:image:width\" content=\"1200\" \/>\n\t<meta property=\"og:image:height\" content=\"1200\" \/>\n\t<meta property=\"og:image:type\" content=\"image\/webp\" \/>\n<meta name=\"twitter:card\" content=\"summary_large_image\" \/>\n<meta name=\"twitter:site\" content=\"@scunilever\" \/>\n<meta name=\"twitter:label1\" content=\"Gesch\u00e4tzte Lesezeit\" \/>\n\t<meta name=\"twitter:data1\" content=\"1\u00a0Minute\" \/>\n<script type=\"application\/ld+json\" class=\"yoast-schema-graph\">{\"@context\":\"https:\/\/schema.org\",\"@graph\":[{\"@type\":\"WebPage\",\"@id\":\"https:\/\/scunilever.ch\/fussball\/produkt\/wartelistenplatz-winterturnier-2024\/\",\"url\":\"https:\/\/scunilever.ch\/fussball\/produkt\/wartelistenplatz-winterturnier-2024\/\",\"name\":\"Wartelistenplatz Winterturnier 2024 &#8211; Sektion Fussball des Sportclub Unilever\",\"isPartOf\":{\"@id\":\"https:\/\/scunilever.ch\/fussball\/#website\"},\"primaryImageOfPage\":{\"@id\":\"https:\/\/scunilever.ch\/fussball\/produkt\/wartelistenplatz-winterturnier-2024\/#primaryimage\"},\"image\":{\"@id\":\"https:\/\/scunilever.ch\/fussball\/produkt\/wartelistenplatz-winterturnier-2024\/#primaryimage\"},\"thumbnailUrl\":\"https:\/\/scunilever.ch\/fussball\/wp-content\/uploads\/sites\/2\/Winterturnier-2024-Wartelistenplatz.webp\",\"datePublished\":\"2023-11-06T19:00:01+00:00\",\"dateModified\":\"2024-03-03T19:56:31+00:00\",\"description\":\"Mit dem Kauf eines \u00abWartelistenplatz Winterturnier 2024\u00bb tr\u00e4gst du eine Mannschaft mit mindestens f\u00fcnf Spielern ein auf der Warteliste des Winterturniers 2024 des Sportclub Unilever.\",\"breadcrumb\":{\"@id\":\"https:\/\/scunilever.ch\/fussball\/produkt\/wartelistenplatz-winterturnier-2024\/#breadcrumb\"},\"inLanguage\":\"de-CH\",\"potentialAction\":[{\"@type\":\"ReadAction\",\"target\":[\"https:\/\/scunilever.ch\/fussball\/produkt\/wartelistenplatz-winterturnier-2024\/\"]}]},{\"@type\":\"ImageObject\",\"inLanguage\":\"de-CH\",\"@id\":\"https:\/\/scunilever.ch\/fussball\/produkt\/wartelistenplatz-winterturnier-2024\/#primaryimage\",\"url\":\"https:\/\/scunilever.ch\/fussball\/wp-content\/uploads\/sites\/2\/Winterturnier-2024-Wartelistenplatz.webp\",\"contentUrl\":\"https:\/\/scunilever.ch\/fussball\/wp-content\/uploads\/sites\/2\/Winterturnier-2024-Wartelistenplatz.webp\",\"width\":1200,\"height\":1200,\"caption\":\"Winterturnier 2024 Wartelistenplatz\"},{\"@type\":\"BreadcrumbList\",\"@id\":\"https:\/\/scunilever.ch\/fussball\/produkt\/wartelistenplatz-winterturnier-2024\/#breadcrumb\",\"itemListElement\":[{\"@type\":\"ListItem\",\"position\":1,\"name\":\"Startseite\",\"item\":\"https:\/\/scunilever.ch\/fussball\/\"},{\"@type\":\"ListItem\",\"position\":2,\"name\":\"Shop\",\"item\":\"https:\/\/scunilever.ch\/fussball\/shop\/\"},{\"@type\":\"ListItem\",\"position\":3,\"name\":\"Wartelistenplatz Winterturnier 2024\"}]},{\"@type\":\"WebSite\",\"@id\":\"https:\/\/scunilever.ch\/fussball\/#website\",\"url\":\"https:\/\/scunilever.ch\/fussball\/\",\"name\":\"Sektion Fussball des Sportclub Unilever\",\"description\":\"Sektion Fussball\",\"publisher\":{\"@id\":\"https:\/\/scunilever.ch\/fussball\/#organization\"},\"potentialAction\":[{\"@type\":\"SearchAction\",\"target\":{\"@type\":\"EntryPoint\",\"urlTemplate\":\"https:\/\/scunilever.ch\/fussball\/?s={search_term_string}\"},\"query-input\":{\"@type\":\"PropertyValueSpecification\",\"valueRequired\":true,\"valueName\":\"search_term_string\"}}],\"inLanguage\":\"de-CH\"},{\"@type\":\"Organization\",\"@id\":\"https:\/\/scunilever.ch\/fussball\/#organization\",\"name\":\"Sektion Fussball des Sportclub Unilever\",\"url\":\"https:\/\/scunilever.ch\/fussball\/\",\"logo\":{\"@type\":\"ImageObject\",\"inLanguage\":\"de-CH\",\"@id\":\"https:\/\/scunilever.ch\/fussball\/#\/schema\/logo\/image\/\",\"url\":\"https:\/\/scunilever.ch\/fussball\/wp-content\/uploads\/sites\/2\/Logo-Sportclub-Unilever.png\",\"contentUrl\":\"https:\/\/scunilever.ch\/fussball\/wp-content\/uploads\/sites\/2\/Logo-Sportclub-Unilever.png\",\"width\":512,\"height\":512,\"caption\":\"Sektion Fussball des Sportclub Unilever\"},\"image\":{\"@id\":\"https:\/\/scunilever.ch\/fussball\/#\/schema\/logo\/image\/\"},\"sameAs\":[\"https:\/\/x.com\/scunilever\"]}]}<\/script>\n<!-- \/ Yoast SEO plugin. -->","yoast_head_json":{"title":"Wartelistenplatz Winterturnier 2024 &#8211; Sektion Fussball des Sportclub Unilever","description":"Mit dem Kauf eines \u00abWartelistenplatz Winterturnier 2024\u00bb tr\u00e4gst du eine Mannschaft mit mindestens f\u00fcnf Spielern ein auf der Warteliste des Winterturniers 2024 des Sportclub Unilever.","robots":{"index":"index","follow":"follow","max-snippet":"max-snippet:-1","max-image-preview":"max-image-preview:large","max-video-preview":"max-video-preview:-1"},"canonical":"https:\/\/scunilever.ch\/fussball\/produkt\/wartelistenplatz-winterturnier-2024\/","og_locale":"de_DE","og_type":"article","og_title":"Wartelistenplatz Winterturnier 2024 &#8211; Sektion Fussball des Sportclub Unilever","og_description":"Mit dem Kauf eines \u00abWartelistenplatz Winterturnier 2024\u00bb tr\u00e4gst du eine Mannschaft mit mindestens f\u00fcnf Spielern ein auf der Warteliste des Winterturniers 2024 des Sportclub Unilever.","og_url":"https:\/\/scunilever.ch\/fussball\/produkt\/wartelistenplatz-winterturnier-2024\/","og_site_name":"Sektion Fussball des Sportclub Unilever","article_modified_time":"2024-03-03T19:56:31+00:00","og_image":[{"width":1200,"height":1200,"url":"https:\/\/scunilever.ch\/fussball\/wp-content\/uploads\/sites\/2\/Winterturnier-2024-Wartelistenplatz.webp","type":"image\/webp"}],"twitter_card":"summary_large_image","twitter_site":"@scunilever","twitter_misc":{"Gesch\u00e4tzte Lesezeit":"1\u00a0Minute"},"schema":{"@context":"https:\/\/schema.org","@graph":[{"@type":"WebPage","@id":"https:\/\/scunilever.ch\/fussball\/produkt\/wartelistenplatz-winterturnier-2024\/","url":"https:\/\/scunilever.ch\/fussball\/produkt\/wartelistenplatz-winterturnier-2024\/","name":"Wartelistenplatz Winterturnier 2024 &#8211; Sektion Fussball des Sportclub Unilever","isPartOf":{"@id":"https:\/\/scunilever.ch\/fussball\/#website"},"primaryImageOfPage":{"@id":"https:\/\/scunilever.ch\/fussball\/produkt\/wartelistenplatz-winterturnier-2024\/#primaryimage"},"image":{"@id":"https:\/\/scunilever.ch\/fussball\/produkt\/wartelistenplatz-winterturnier-2024\/#primaryimage"},"thumbnailUrl":"https:\/\/scunilever.ch\/fussball\/wp-content\/uploads\/sites\/2\/Winterturnier-2024-Wartelistenplatz.webp","datePublished":"2023-11-06T19:00:01+00:00","dateModified":"2024-03-03T19:56:31+00:00","description":"Mit dem Kauf eines \u00abWartelistenplatz Winterturnier 2024\u00bb tr\u00e4gst du eine Mannschaft mit mindestens f\u00fcnf Spielern ein auf der Warteliste des Winterturniers 2024 des Sportclub Unilever.","breadcrumb":{"@id":"https:\/\/scunilever.ch\/fussball\/produkt\/wartelistenplatz-winterturnier-2024\/#breadcrumb"},"inLanguage":"de-CH","potentialAction":[{"@type":"ReadAction","target":["https:\/\/scunilever.ch\/fussball\/produkt\/wartelistenplatz-winterturnier-2024\/"]}]},{"@type":"ImageObject","inLanguage":"de-CH","@id":"https:\/\/scunilever.ch\/fussball\/produkt\/wartelistenplatz-winterturnier-2024\/#primaryimage","url":"https:\/\/scunilever.ch\/fussball\/wp-content\/uploads\/sites\/2\/Winterturnier-2024-Wartelistenplatz.webp","contentUrl":"https:\/\/scunilever.ch\/fussball\/wp-content\/uploads\/sites\/2\/Winterturnier-2024-Wartelistenplatz.webp","width":1200,"height":1200,"caption":"Winterturnier 2024 Wartelistenplatz"},{"@type":"BreadcrumbList","@id":"https:\/\/scunilever.ch\/fussball\/produkt\/wartelistenplatz-winterturnier-2024\/#breadcrumb","itemListElement":[{"@type":"ListItem","position":1,"name":"Startseite","item":"https:\/\/scunilever.ch\/fussball\/"},{"@type":"ListItem","position":2,"name":"Shop","item":"https:\/\/scunilever.ch\/fussball\/shop\/"},{"@type":"ListItem","position":3,"name":"Wartelistenplatz Winterturnier 2024"}]},{"@type":"WebSite","@id":"https:\/\/scunilever.ch\/fussball\/#website","url":"https:\/\/scunilever.ch\/fussball\/","name":"Sektion Fussball des Sportclub Unilever","description":"Sektion Fussball","publisher":{"@id":"https:\/\/scunilever.ch\/fussball\/#organization"},"potentialAction":[{"@type":"SearchAction","target":{"@type":"EntryPoint","urlTemplate":"https:\/\/scunilever.ch\/fussball\/?s={search_term_string}"},"query-input":{"@type":"PropertyValueSpecification","valueRequired":true,"valueName":"search_term_string"}}],"inLanguage":"de-CH"},{"@type":"Organization","@id":"https:\/\/scunilever.ch\/fussball\/#organization","name":"Sektion Fussball des Sportclub Unilever","url":"https:\/\/scunilever.ch\/fussball\/","logo":{"@type":"ImageObject","inLanguage":"de-CH","@id":"https:\/\/scunilever.ch\/fussball\/#\/schema\/logo\/image\/","url":"https:\/\/scunilever.ch\/fussball\/wp-content\/uploads\/sites\/2\/Logo-Sportclub-Unilever.png","contentUrl":"https:\/\/scunilever.ch\/fussball\/wp-content\/uploads\/sites\/2\/Logo-Sportclub-Unilever.png","width":512,"height":512,"caption":"Sektion Fussball des Sportclub Unilever"},"image":{"@id":"https:\/\/scunilever.ch\/fussball\/#\/schema\/logo\/image\/"},"sameAs":["https:\/\/x.com\/scunilever"]}]}},"jetpack_publicize_connections":[],"jetpack_sharing_enabled":true,"_links":{"self":[{"href":"https:\/\/scunilever.ch\/fussball\/wp-json\/wp\/v2\/product\/1474","targetHints":{"allow":["GET"]}}],"collection":[{"href":"https:\/\/scunilever.ch\/fussball\/wp-json\/wp\/v2\/product"}],"about":[{"href":"https:\/\/scunilever.ch\/fussball\/wp-json\/wp\/v2\/types\/product"}],"wp:featuredmedia":[{"embeddable":true,"href":"https:\/\/scunilever.ch\/fussball\/wp-json\/wp\/v2\/media\/1475"}],"wp:attachment":[{"href":"https:\/\/scunilever.ch\/fussball\/wp-json\/wp\/v2\/media?parent=1474"}],"wp:term":[{"taxonomy":"product_brand","embeddable":true,"href":"https:\/\/scunilever.ch\/fussball\/wp-json\/wp\/v2\/product_brand?post=1474"},{"taxonomy":"product_cat","embeddable":true,"href":"https:\/\/scunilever.ch\/fussball\/wp-json\/wp\/v2\/product_cat?post=1474"},{"taxonomy":"product_tag","embeddable":true,"href":"https:\/\/scunilever.ch\/fussball\/wp-json\/wp\/v2\/product_tag?post=1474"}],"curies":[{"name":"wp","href":"https:\/\/api.w.org\/{rel}","templated":true}]}}